{"id":638,"date":"2014-12-28T18:13:33","date_gmt":"2014-12-28T17:13:33","guid":{"rendered":"http:\/\/artefactoarquitectos.es\/?page_id=638"},"modified":"2018-06-05T10:28:18","modified_gmt":"2018-06-05T08:28:18","slug":"artefacto-arquitectos","status":"publish","type":"page","link":"http:\/\/artefactoarquitectos.es\/?page_id=638","title":{"rendered":"Artefacto Arquitectos"},"content":{"rendered":"<p><img loading=\"lazy\" class=\"size-thumbnail wp-image-6\" src=\"http:\/\/artefactoarquitectos.es\/wp-content\/uploads\/2014\/11\/logo-Arte-Facto-e1418399387419-150x90.jpg\" alt=\"ArteFacto\" width=\"150\" height=\"90\" \/><\/p>\n<p style=\"text-align: justify;\"><span style=\"color: #808080;\">Es un estudio de arquitectura fundado en el a\u00f1o 2000 por los arquitectos Pedro Mart\u00edn Mart\u00edn y Antonio \u00c1ngel Jim\u00e9nez Sierra , con experiencia desde el a\u00f1o 1982,\u00a0su dedicaci\u00f3n \u00a0ha sido el dise\u00f1o, la construcci\u00f3n de viviendas sociales \u00a0y la investigaci\u00f3n de \u00a0sistemas constructivos. Durante los \u00faltimos a\u00f1os han trabajado en distintos proyectos de viviendas, la racionalizaci\u00f3n de los procesos constructivos y construcci\u00f3n industrializada.\u00a0<\/span><\/p>\n<p><span style=\"color: #808080;\">Actualmente siguen profundizando en el dise\u00f1o de viviendas y en particular \u00a0en \u00a0viviendas con espacios y servicios comunes que hagan la vida m\u00e1s f\u00e1cil a sus usuarios.<\/span><\/p>\n<p><span style=\"color: #808080;\">El estudio est\u00e1\u00a0 situado en la calle\u00a0 Lope de Rueda 27, bajo ext izq. 28009 Madrid. Tel\u00e9fono\u00a0 915994561<\/span><\/p>\n<p>&nbsp;<\/p>\n<p>&nbsp;<\/p>\n","protected":false},"excerpt":{"rendered":"<p>Es un estudio de arquitectura fundado en el a\u00f1o 2000 por los arquitectos Pedro Mart\u00edn Mart\u00edn y Antonio \u00c1ngel Jim\u00e9nez Sierra , con experiencia desde el a\u00f1o 1982,\u00a0su dedicaci\u00f3n \u00a0ha sido el dise\u00f1o, la construcci\u00f3n de viviendas sociales \u00a0y la investigaci\u00f3n de \u00a0sistemas constructivos. Durante los \u00faltimos a\u00f1os han trabajado en distintos proyectos de viviendas, &hellip; <a href=\"http:\/\/artefactoarquitectos.es\/?page_id=638\" class=\"more-link\">Seguir leyendo <span class=\"screen-reader-text\">Artefacto Arquitectos<\/span> <span class=\"meta-nav\">&rarr;<\/span><\/a><\/p>\n","protected":false},"author":1,"featured_media":0,"parent":0,"menu_order":0,"comment_status":"closed","ping_status":"closed","template":"","meta":{"spay_email":""},"jetpack_sharing_enabled":true,"jetpack_shortlink":"https:\/\/wp.me\/P5lvSH-ai","_links":{"self":[{"href":"http:\/\/artefactoarquitectos.es\/index.php?rest_route=\/wp\/v2\/pages\/638"}],"collection":[{"href":"http:\/\/artefactoarquitectos.es\/index.php?rest_route=\/wp\/v2\/pages"}],"about":[{"href":"http:\/\/artefactoarquitectos.es\/index.php?rest_route=\/wp\/v2\/types\/page"}],"author":[{"embeddable":true,"href":"http:\/\/artefactoarquitectos.es\/index.php?rest_route=\/wp\/v2\/users\/1"}],"replies":[{"embeddable":true,"href":"http:\/\/artefactoarquitectos.es\/index.php?rest_route=%2Fwp%2Fv2%2Fcomments&post=638"}],"version-history":[{"count":23,"href":"http:\/\/artefactoarquitectos.es\/index.php?rest_route=\/wp\/v2\/pages\/638\/revisions"}],"predecessor-version":[{"id":1169,"href":"http:\/\/artefactoarquitectos.es\/index.php?rest_route=\/wp\/v2\/pages\/638\/revisions\/1169"}],"wp:attachment":[{"href":"http:\/\/artefactoarquitectos.es\/index.php?rest_route=%2Fwp%2Fv2%2Fmedia&parent=638"}],"curies":[{"name":"wp","href":"https:\/\/api.w.org\/{rel}","templated":true}]}}