{"id":496,"date":"2014-12-16T16:10:32","date_gmt":"2014-12-16T15:10:32","guid":{"rendered":"http:\/\/artefactoarquitectos.es\/?page_id=496"},"modified":"2016-02-05T16:32:29","modified_gmt":"2016-02-05T15:32:29","slug":"modulos-tridimensionales","status":"publish","type":"page","link":"http:\/\/artefactoarquitectos.es\/?page_id=496","title":{"rendered":"SMART \u00a0GALLERY"},"content":{"rendered":"<p><a title=\"Smart Gallery en El Pais\" href=\"http:\/\/economia.elpais.com\/economia\/2012\/12\/27\/actualidad\/1356606646_516368.html\" target=\"_blank\">M\u00f3dulos tridimensionales<\/a><\/p>\n<figure id=\"attachment_502\" aria-describedby=\"caption-attachment-502\" style=\"width: 150px\" class=\"wp-caption alignright\"><a href=\"http:\/\/artefactoarquitectos.es\/wp-content\/uploads\/2014\/12\/m\u00f3dulo-equipado.jpg\"><img loading=\"lazy\" class=\"size-thumbnail wp-image-502\" src=\"http:\/\/artefactoarquitectos.es\/wp-content\/uploads\/2014\/12\/m\u00f3dulo-equipado-150x150.jpg\" alt=\"M\u00f3dulo equipado\" width=\"150\" height=\"150\" srcset=\"http:\/\/artefactoarquitectos.es\/wp-content\/uploads\/2014\/12\/m\u00f3dulo-equipado-150x150.jpg 150w, http:\/\/artefactoarquitectos.es\/wp-content\/uploads\/2014\/12\/m\u00f3dulo-equipado-144x144.jpg 144w\" sizes=\"(max-width: 150px) 100vw, 150px\" \/><\/a><figcaption id=\"caption-attachment-502\" class=\"wp-caption-text\">M\u00f3dulo equipado<\/figcaption><\/figure>\n<p style=\"text-align: justify;\"><span style=\"color: #808080;\">Construimos m\u00f3dulos tridimensionales en el taller (en cadena de montaje y control de calidad)<\/span><\/p>\n<ul>\n<li style=\"text-align: justify;\"><span style=\"color: #808080;\">Con l\u00edmite de medidas y peso para un transporte no especial (por precio)<\/span><\/li>\n<li style=\"text-align: justify;\"><span style=\"color: #808080;\">Completamente equipado, alberga las partes h\u00famedas de las viviendas y las acometidas (cocinas, ba\u00f1os, electricidad, agua, comunicaci\u00f3n&#8230;)<\/span><\/li>\n<li style=\"text-align: justify;\"><span style=\"color: #808080;\">Con acabados exteriores e interiores<\/span><\/li>\n<li style=\"text-align: justify;\"><span style=\"color: #808080;\">Se puede construir en hormig\u00f3n o acero<\/span><\/li>\n<\/ul>\n<p><span style=\"color: #808080;\">Se transporta a obra y se monta<\/span><\/p>\n<ul>\n<li><span style=\"color: #808080;\">Los m\u00f3dulos se apilan en vertical y horizontal<\/span><\/li>\n<li><span style=\"color: #808080;\">Se crea un espacio di\u00e1fano y habitable y una galer\u00eda (Smart Gallery) \u00a0que albergar\u00e1 todas las instalaciones comunes del edificio.<\/span>\n<figure id=\"attachment_518\" aria-describedby=\"caption-attachment-518\" style=\"width: 985px\" class=\"wp-caption aligncenter\"><a href=\"http:\/\/artefactoarquitectos.es\/wp-content\/uploads\/2014\/12\/Agrupaci\u00f3n-de-m\u00f3dulos1.png\"><img loading=\"lazy\" class=\"size-full wp-image-518\" src=\"http:\/\/artefactoarquitectos.es\/wp-content\/uploads\/2014\/12\/Agrupaci\u00f3n-de-m\u00f3dulos1.png\" alt=\"Agrupaci\u00f3n de m\u00f3dulos\" width=\"985\" height=\"412\" srcset=\"http:\/\/artefactoarquitectos.es\/wp-content\/uploads\/2014\/12\/Agrupaci\u00f3n-de-m\u00f3dulos1.png 985w, http:\/\/artefactoarquitectos.es\/wp-content\/uploads\/2014\/12\/Agrupaci\u00f3n-de-m\u00f3dulos1-300x125.png 300w, http:\/\/artefactoarquitectos.es\/wp-content\/uploads\/2014\/12\/Agrupaci\u00f3n-de-m\u00f3dulos1-900x376.png 900w\" sizes=\"(max-width: 985px) 100vw, 985px\" \/><\/a><figcaption id=\"caption-attachment-518\" class=\"wp-caption-text\">Agrupaci\u00f3n de m\u00f3dulos<\/figcaption><\/figure>\n<p>&nbsp;<\/p>\n<p>&nbsp;<\/li>\n<\/ul>\n<p><span style=\"color: #808080;\">Galer\u00eda registrable con todas las instalaciones comunes del edificio.<\/span><\/p>\n<figure id=\"attachment_501\" aria-describedby=\"caption-attachment-501\" style=\"width: 622px\" class=\"wp-caption aligncenter\"><a href=\"http:\/\/artefactoarquitectos.es\/wp-content\/uploads\/2014\/12\/Galer\u00eda-de-instalaciones.jpg\"><img loading=\"lazy\" class=\"size-full wp-image-501\" src=\"http:\/\/artefactoarquitectos.es\/wp-content\/uploads\/2014\/12\/Galer\u00eda-de-instalaciones.jpg\" alt=\"Galer\u00eda de instalaciones\" width=\"622\" height=\"435\" srcset=\"http:\/\/artefactoarquitectos.es\/wp-content\/uploads\/2014\/12\/Galer\u00eda-de-instalaciones.jpg 622w, http:\/\/artefactoarquitectos.es\/wp-content\/uploads\/2014\/12\/Galer\u00eda-de-instalaciones-300x209.jpg 300w\" sizes=\"(max-width: 622px) 100vw, 622px\" \/><\/a><figcaption id=\"caption-attachment-501\" class=\"wp-caption-text\">Galer\u00eda de instalaciones<\/figcaption><\/figure>\n<p>&nbsp;<\/p>\n<p style=\"text-align: justify;\"><span style=\"color: #808080;\">Quedando las fachadas de los m\u00f3dulos a la galer\u00eda como \u00abuna placa base\u00bb de un ordenador, est\u00e1n todos los \u00abpuertos\u00bb de las viviendas, con prestaciones ampliables, registrables&#8230;<\/span><\/p>\n<figure id=\"attachment_503\" aria-describedby=\"caption-attachment-503\" style=\"width: 405px\" class=\"wp-caption aligncenter\"><a href=\"http:\/\/artefactoarquitectos.es\/wp-content\/uploads\/2014\/12\/Panel-de-instalaciones.jpg\"><img loading=\"lazy\" class=\"size-full wp-image-503\" src=\"http:\/\/artefactoarquitectos.es\/wp-content\/uploads\/2014\/12\/Panel-de-instalaciones.jpg\" alt=\"Panel de instalaciones &quot;placa base&quot;\" width=\"405\" height=\"288\" srcset=\"http:\/\/artefactoarquitectos.es\/wp-content\/uploads\/2014\/12\/Panel-de-instalaciones.jpg 405w, http:\/\/artefactoarquitectos.es\/wp-content\/uploads\/2014\/12\/Panel-de-instalaciones-300x213.jpg 300w\" sizes=\"(max-width: 405px) 100vw, 405px\" \/><\/a><figcaption id=\"caption-attachment-503\" class=\"wp-caption-text\">Panel de instalaciones \u00abplaca base\u00bb<\/figcaption><\/figure>\n<p><span style=\"color: #808080;\">F\u00e1cil implantaci\u00f3n de las distintas instalaciones, durante la obra o a lo largo de la vida \u00fatil del edificio<\/span><\/p>\n<figure id=\"attachment_507\" aria-describedby=\"caption-attachment-507\" style=\"width: 382px\" class=\"wp-caption aligncenter\"><a href=\"http:\/\/artefactoarquitectos.es\/wp-content\/uploads\/2014\/12\/Secci\u00f3n-por-galer\u00eda-de-instalaciones.png\"><img loading=\"lazy\" class=\"size-full wp-image-507\" src=\"http:\/\/artefactoarquitectos.es\/wp-content\/uploads\/2014\/12\/Secci\u00f3n-por-galer\u00eda-de-instalaciones.png\" alt=\"Secci\u00f3n por galer\u00eda de instalaciones\" width=\"382\" height=\"723\" srcset=\"http:\/\/artefactoarquitectos.es\/wp-content\/uploads\/2014\/12\/Secci\u00f3n-por-galer\u00eda-de-instalaciones.png 382w, http:\/\/artefactoarquitectos.es\/wp-content\/uploads\/2014\/12\/Secci\u00f3n-por-galer\u00eda-de-instalaciones-158x300.png 158w\" sizes=\"(max-width: 382px) 100vw, 382px\" \/><\/a><figcaption id=\"caption-attachment-507\" class=\"wp-caption-text\">Secci\u00f3n por galer\u00eda de instalaciones<\/figcaption><\/figure>\n<ul>\n<li><span style=\"color: #808080;\">paneles solares<\/span><\/li>\n<li><span style=\"color: #808080;\">energ\u00eda e\u00f3lica<\/span><\/li>\n<li><span style=\"color: #808080;\">telecomunicaciones<\/span><\/li>\n<li><span style=\"color: #808080;\">aire acondicionado<\/span><\/li>\n<li><span style=\"color: #808080;\">energ\u00eda geot\u00e9rmica<\/span><\/li>\n<li><span style=\"color: #808080;\">almac\u00e9n agua de lluvia<\/span><\/li>\n<li><span style=\"color: #808080;\">reciclaje aguas grises &#8230;<\/span><\/li>\n<\/ul>\n<p><span style=\"color: #808080;\">\u00a0<\/span><\/p>\n<p><a href=\"http:\/\/artefactoarquitectos.es\/wp-content\/uploads\/2014\/12\/planta-distribuc.jpg\" rel=\"attachment wp-att-505\"><img loading=\"lazy\" class=\"aligncenter size-full wp-image-505\" src=\"http:\/\/artefactoarquitectos.es\/wp-content\/uploads\/2014\/12\/planta-distribuc.jpg\" alt=\"planta distribuc\" width=\"1244\" height=\"365\" srcset=\"http:\/\/artefactoarquitectos.es\/wp-content\/uploads\/2014\/12\/planta-distribuc.jpg 1244w, http:\/\/artefactoarquitectos.es\/wp-content\/uploads\/2014\/12\/planta-distribuc-300x88.jpg 300w, http:\/\/artefactoarquitectos.es\/wp-content\/uploads\/2014\/12\/planta-distribuc-1024x300.jpg 1024w, http:\/\/artefactoarquitectos.es\/wp-content\/uploads\/2014\/12\/planta-distribuc-900x264.jpg 900w\" sizes=\"(max-width: 1244px) 100vw, 1244px\" \/><\/a><\/p>\n<p style=\"text-align: justify;\"><span style=\"color: #808080;\">\u00a0Distintas propuestas de viviendas<\/span><\/p>\n","protected":false},"excerpt":{"rendered":"<p>M\u00f3dulos tridimensionales Construimos m\u00f3dulos tridimensionales en el taller (en cadena de montaje y control de calidad) Con l\u00edmite de medidas y peso para un transporte no especial (por precio) Completamente equipado, alberga las partes h\u00famedas de las viviendas y las acometidas (cocinas, ba\u00f1os, electricidad, agua, comunicaci\u00f3n&#8230;) Con acabados exteriores e interiores Se puede construir en &hellip; <a href=\"http:\/\/artefactoarquitectos.es\/?page_id=496\" class=\"more-link\">Seguir leyendo <span class=\"screen-reader-text\">SMART \u00a0GALLERY<\/span> <span class=\"meta-nav\">&rarr;<\/span><\/a><\/p>\n","protected":false},"author":1,"featured_media":0,"parent":0,"menu_order":0,"comment_status":"closed","ping_status":"closed","template":"","meta":{"spay_email":""},"jetpack_sharing_enabled":true,"jetpack_shortlink":"https:\/\/wp.me\/P5lvSH-80","_links":{"self":[{"href":"http:\/\/artefactoarquitectos.es\/index.php?rest_route=\/wp\/v2\/pages\/496"}],"collection":[{"href":"http:\/\/artefactoarquitectos.es\/index.php?rest_route=\/wp\/v2\/pages"}],"about":[{"href":"http:\/\/artefactoarquitectos.es\/index.php?rest_route=\/wp\/v2\/types\/page"}],"author":[{"embeddable":true,"href":"http:\/\/artefactoarquitectos.es\/index.php?rest_route=\/wp\/v2\/users\/1"}],"replies":[{"embeddable":true,"href":"http:\/\/artefactoarquitectos.es\/index.php?rest_route=%2Fwp%2Fv2%2Fcomments&post=496"}],"version-history":[{"count":14,"href":"http:\/\/artefactoarquitectos.es\/index.php?rest_route=\/wp\/v2\/pages\/496\/revisions"}],"predecessor-version":[{"id":1016,"href":"http:\/\/artefactoarquitectos.es\/index.php?rest_route=\/wp\/v2\/pages\/496\/revisions\/1016"}],"wp:attachment":[{"href":"http:\/\/artefactoarquitectos.es\/index.php?rest_route=%2Fwp%2Fv2%2Fmedia&parent=496"}],"curies":[{"name":"wp","href":"https:\/\/api.w.org\/{rel}","templated":true}]}}