{"id":472,"date":"2014-12-16T15:56:02","date_gmt":"2014-12-16T14:56:02","guid":{"rendered":"http:\/\/artefactoarquitectos.es\/?page_id=472"},"modified":"2015-02-18T19:03:51","modified_gmt":"2015-02-18T18:03:51","slug":"fachada-ventilada","status":"publish","type":"page","link":"http:\/\/artefactoarquitectos.es\/?page_id=472","title":{"rendered":"SIFF"},"content":{"rendered":"<p><a title=\"SIFF\" href=\"https:\/\/www.construible.es\/noticias\/europerfil-presenta-eurohabitat-siff-que-aporta\" target=\"_blank\"><strong>Sistema Industrializado de Fachada Flotante<\/strong><\/a><\/p>\n<p style=\"text-align: justify;\"><span style=\"color: #808080;\">Dise\u00f1amos esta fachada ventilada pensando que podr\u00eda albergar las instalaciones comunes del edificio. Para para poder hacerlo sin\u00a0aumentar el espesor de la fachada (y por tanto la superficie construida) decidimos que la hoja intermedia podr\u00eda ser una chapa plegada y as\u00ed dejar un espacio mayor en la c\u00e1mara ventilada y cumplir nuestro deseo de de situar ah\u00ed las instalaciones comunes.<\/span><\/p>\n<p style=\"text-align: justify;\"><span style=\"color: #808080;\"><a style=\"color: #808080;\" href=\"http:\/\/artefactoarquitectos.es\/wp-content\/uploads\/2014\/12\/SIFF-2.jpg\"><img loading=\"lazy\" class=\"alignright size-thumbnail wp-image-478\" src=\"http:\/\/artefactoarquitectos.es\/wp-content\/uploads\/2014\/12\/SIFF-2-150x150.jpg\" alt=\"SIFF 2\" width=\"150\" height=\"150\" srcset=\"http:\/\/artefactoarquitectos.es\/wp-content\/uploads\/2014\/12\/SIFF-2-150x150.jpg 150w, http:\/\/artefactoarquitectos.es\/wp-content\/uploads\/2014\/12\/SIFF-2-144x144.jpg 144w\" sizes=\"(max-width: 150px) 100vw, 150px\" \/><\/a><strong>SIFF.<\/strong><\/span><\/p>\n<p style=\"text-align: justify;\"><span style=\"color: #808080;\">Con una bandeja de chapa como hoja intermedia existente en el mercado, el ala al exterior hace de rastrelaje vertical\u00a0( su\u00a0canto de 15 cm permite albergar una capa de aislante y c\u00e1mara suficiente para las instalaciones). Como acabado exterior pueden ser distintas pieles que veremos seguidamente. Al interior se trasdosa con un sistema de yeso laminado con estructura de chapa plegada galvanizada y aislante.<\/span><\/p>\n<p style=\"text-align: justify;\"><span style=\"color: #808080;\"><strong>Distintas pieles de SIFF.<\/strong><\/span><\/p>\n<figure id=\"attachment_481\" aria-describedby=\"caption-attachment-481\" style=\"width: 150px\" class=\"wp-caption alignright\"><a style=\"color: #808080;\" href=\"http:\/\/artefactoarquitectos.es\/wp-content\/uploads\/2014\/12\/SIFF-piel-cer\u00e1mica.jpg\"><img loading=\"lazy\" class=\"size-thumbnail wp-image-481\" src=\"http:\/\/artefactoarquitectos.es\/wp-content\/uploads\/2014\/12\/SIFF-piel-cer\u00e1mica-150x150.jpg\" alt=\"SIFF piel cer\u00e1mica\" width=\"150\" height=\"150\" srcset=\"http:\/\/artefactoarquitectos.es\/wp-content\/uploads\/2014\/12\/SIFF-piel-cer\u00e1mica-150x150.jpg 150w, http:\/\/artefactoarquitectos.es\/wp-content\/uploads\/2014\/12\/SIFF-piel-cer\u00e1mica-144x144.jpg 144w\" sizes=\"(max-width: 150px) 100vw, 150px\" \/><\/a><figcaption id=\"caption-attachment-481\" class=\"wp-caption-text\"><\/span> <span style=\"color: #808080;\">SIFF piel cer\u00e1mica<\/span><\/figcaption><\/figure>\n<figure id=\"attachment_484\" aria-describedby=\"caption-attachment-484\" style=\"width: 150px\" class=\"wp-caption alignleft\"><a style=\"color: #808080;\" href=\"http:\/\/artefactoarquitectos.es\/wp-content\/uploads\/2014\/12\/SIFF-piel-met\u00e1lica.jpg\"><img loading=\"lazy\" class=\"size-thumbnail wp-image-484\" src=\"http:\/\/artefactoarquitectos.es\/wp-content\/uploads\/2014\/12\/SIFF-piel-met\u00e1lica-150x150.jpg\" alt=\"SIFF piel met\u00e1lica\" width=\"150\" height=\"150\" srcset=\"http:\/\/artefactoarquitectos.es\/wp-content\/uploads\/2014\/12\/SIFF-piel-met\u00e1lica-150x150.jpg 150w, http:\/\/artefactoarquitectos.es\/wp-content\/uploads\/2014\/12\/SIFF-piel-met\u00e1lica-144x144.jpg 144w\" sizes=\"(max-width: 150px) 100vw, 150px\" \/><\/a><figcaption id=\"caption-attachment-484\" class=\"wp-caption-text\"><\/span> <span style=\"color: #808080;\">SIFF piel met\u00e1lica<\/span><\/figcaption><\/figure>\n<ul>\n<li style=\"text-align: justify;\"><span style=\"color: #808080;\">Cer\u00e1mica<\/span><\/li>\n<li style=\"text-align: justify;\"><span style=\"color: #808080;\">Chapa<\/span><\/li>\n<li style=\"text-align: justify;\"><span style=\"color: #808080;\">Madera \u00a0 \u00a0 \u00a0 \u00a0reciclada<\/span><\/li>\n<li style=\"text-align: justify;\"><span style=\"color: #808080;\">Paneles<\/span><\/li>\n<\/ul>\n<figure id=\"attachment_483\" aria-describedby=\"caption-attachment-483\" style=\"width: 150px\" class=\"wp-caption alignleft\"><a href=\"http:\/\/artefactoarquitectos.es\/wp-content\/uploads\/2014\/12\/SIFF-piel-madera-reciclada.jpg\"><img loading=\"lazy\" class=\"size-thumbnail wp-image-483\" src=\"http:\/\/artefactoarquitectos.es\/wp-content\/uploads\/2014\/12\/SIFF-piel-madera-reciclada-150x150.jpg\" alt=\"SIFF piel madera reciclad\" width=\"150\" height=\"150\" srcset=\"http:\/\/artefactoarquitectos.es\/wp-content\/uploads\/2014\/12\/SIFF-piel-madera-reciclada-150x150.jpg 150w, http:\/\/artefactoarquitectos.es\/wp-content\/uploads\/2014\/12\/SIFF-piel-madera-reciclada-144x144.jpg 144w\" sizes=\"(max-width: 150px) 100vw, 150px\" \/><\/a><figcaption id=\"caption-attachment-483\" class=\"wp-caption-text\">SIFF piel madera reciclad<\/figcaption><\/figure>\n<figure id=\"attachment_482\" aria-describedby=\"caption-attachment-482\" style=\"width: 150px\" class=\"wp-caption alignright\"><a href=\"http:\/\/artefactoarquitectos.es\/wp-content\/uploads\/2014\/12\/SIFF-piel-de-paneles.jpg\"><img loading=\"lazy\" class=\"size-thumbnail wp-image-482\" src=\"http:\/\/artefactoarquitectos.es\/wp-content\/uploads\/2014\/12\/SIFF-piel-de-paneles-150x150.jpg\" alt=\"SIFF piel de paneles\" width=\"150\" height=\"150\" srcset=\"http:\/\/artefactoarquitectos.es\/wp-content\/uploads\/2014\/12\/SIFF-piel-de-paneles-150x150.jpg 150w, http:\/\/artefactoarquitectos.es\/wp-content\/uploads\/2014\/12\/SIFF-piel-de-paneles-144x144.jpg 144w\" sizes=\"(max-width: 150px) 100vw, 150px\" \/><\/a><figcaption id=\"caption-attachment-482\" class=\"wp-caption-text\">SIFF piel de paneles<\/figcaption><\/figure>\n<p>&nbsp;<\/p>\n<p>&nbsp;<\/p>\n<p style=\"text-align: justify;\"><a href=\"http:\/\/artefactoarquitectos.es\/wp-content\/uploads\/2014\/12\/SIFF-e-instalaciones.jpg\">\u00a0<\/a><\/p>\n<p>&nbsp;<\/p>\n<p style=\"text-align: justify;\"><a href=\"http:\/\/artefactoarquitectos.es\/wp-content\/uploads\/2014\/12\/SIFF-piel-de-paneles.jpg\"><br \/>\n<\/a><\/p>\n<p style=\"text-align: justify;\"><span style=\"color: #808080;\">Fase de colocaci\u00f3n de bandejas, situaci\u00f3n de las instalaciones y detalle de colocaci\u00f3n de piezas cer\u00e1micas.<\/span><\/p>\n<div id='gallery-1' class='gallery galleryid-472 gallery-columns-3 gallery-size-thumbnail'><figure class='gallery-item'>\n\t\t\t<div class='gallery-icon landscape'>\n\t\t\t\t<a href='http:\/\/artefactoarquitectos.es\/?attachment_id=485'><img width=\"150\" height=\"150\" src=\"http:\/\/artefactoarquitectos.es\/wp-content\/uploads\/2014\/12\/Fase-de-colocaci\u00f3n-de-bandejas-150x150.jpg\" class=\"attachment-thumbnail size-thumbnail\" alt=\"Fase de colocaci\u00f3n de bandejas\" loading=\"lazy\" aria-describedby=\"gallery-1-485\" srcset=\"http:\/\/artefactoarquitectos.es\/wp-content\/uploads\/2014\/12\/Fase-de-colocaci\u00f3n-de-bandejas-150x150.jpg 150w, http:\/\/artefactoarquitectos.es\/wp-content\/uploads\/2014\/12\/Fase-de-colocaci\u00f3n-de-bandejas-144x144.jpg 144w\" sizes=\"(max-width: 150px) 100vw, 150px\" \/><\/a>\n\t\t\t<\/div>\n\t\t\t\t<figcaption class='wp-caption-text gallery-caption' id='gallery-1-485'>\n\t\t\t\tFase de colocaci\u00f3n de bandejas\n\t\t\t\t<\/figcaption><\/figure><figure class='gallery-item'>\n\t\t\t<div class='gallery-icon landscape'>\n\t\t\t\t<a href='http:\/\/artefactoarquitectos.es\/?attachment_id=480'><img width=\"150\" height=\"150\" src=\"http:\/\/artefactoarquitectos.es\/wp-content\/uploads\/2014\/12\/SIFF-e-instalaciones-150x150.jpg\" class=\"attachment-thumbnail size-thumbnail\" alt=\"\" loading=\"lazy\" aria-describedby=\"gallery-1-480\" srcset=\"http:\/\/artefactoarquitectos.es\/wp-content\/uploads\/2014\/12\/SIFF-e-instalaciones-150x150.jpg 150w, http:\/\/artefactoarquitectos.es\/wp-content\/uploads\/2014\/12\/SIFF-e-instalaciones-144x144.jpg 144w\" sizes=\"(max-width: 150px) 100vw, 150px\" \/><\/a>\n\t\t\t<\/div>\n\t\t\t\t<figcaption class='wp-caption-text gallery-caption' id='gallery-1-480'>\n\t\t\t\tSeparaci\u00f3n instalaciones-estructura\n\t\t\t\t<\/figcaption><\/figure><figure class='gallery-item'>\n\t\t\t<div class='gallery-icon portrait'>\n\t\t\t\t<a href='http:\/\/artefactoarquitectos.es\/?attachment_id=486'><img width=\"150\" height=\"150\" src=\"http:\/\/artefactoarquitectos.es\/wp-content\/uploads\/2014\/12\/Piel-cer\u00e1mica-detalle-150x150.jpg\" class=\"attachment-thumbnail size-thumbnail\" alt=\"Piel cer\u00e1mica, detalle\" loading=\"lazy\" aria-describedby=\"gallery-1-486\" srcset=\"http:\/\/artefactoarquitectos.es\/wp-content\/uploads\/2014\/12\/Piel-cer\u00e1mica-detalle-150x150.jpg 150w, http:\/\/artefactoarquitectos.es\/wp-content\/uploads\/2014\/12\/Piel-cer\u00e1mica-detalle-144x144.jpg 144w\" sizes=\"(max-width: 150px) 100vw, 150px\" \/><\/a>\n\t\t\t<\/div>\n\t\t\t\t<figcaption class='wp-caption-text gallery-caption' id='gallery-1-486'>\n\t\t\t\tPiel cer\u00e1mica, detalle\n\t\t\t\t<\/figcaption><\/figure>\n\t\t<\/div>\n\n","protected":false},"excerpt":{"rendered":"<p>Sistema Industrializado de Fachada Flotante Dise\u00f1amos esta fachada ventilada pensando que podr\u00eda albergar las instalaciones comunes del edificio. Para para poder hacerlo sin\u00a0aumentar el espesor de la fachada (y por tanto la superficie construida) decidimos que la hoja intermedia podr\u00eda ser una chapa plegada y as\u00ed dejar un espacio mayor en la c\u00e1mara ventilada y &hellip; <a href=\"http:\/\/artefactoarquitectos.es\/?page_id=472\" class=\"more-link\">Seguir leyendo <span class=\"screen-reader-text\">SIFF<\/span> <span class=\"meta-nav\">&rarr;<\/span><\/a><\/p>\n","protected":false},"author":1,"featured_media":0,"parent":0,"menu_order":0,"comment_status":"closed","ping_status":"closed","template":"","meta":{"spay_email":""},"jetpack_sharing_enabled":true,"jetpack_shortlink":"https:\/\/wp.me\/P5lvSH-7C","_links":{"self":[{"href":"http:\/\/artefactoarquitectos.es\/index.php?rest_route=\/wp\/v2\/pages\/472"}],"collection":[{"href":"http:\/\/artefactoarquitectos.es\/index.php?rest_route=\/wp\/v2\/pages"}],"about":[{"href":"http:\/\/artefactoarquitectos.es\/index.php?rest_route=\/wp\/v2\/types\/page"}],"author":[{"embeddable":true,"href":"http:\/\/artefactoarquitectos.es\/index.php?rest_route=\/wp\/v2\/users\/1"}],"replies":[{"embeddable":true,"href":"http:\/\/artefactoarquitectos.es\/index.php?rest_route=%2Fwp%2Fv2%2Fcomments&post=472"}],"version-history":[{"count":9,"href":"http:\/\/artefactoarquitectos.es\/index.php?rest_route=\/wp\/v2\/pages\/472\/revisions"}],"predecessor-version":[{"id":885,"href":"http:\/\/artefactoarquitectos.es\/index.php?rest_route=\/wp\/v2\/pages\/472\/revisions\/885"}],"wp:attachment":[{"href":"http:\/\/artefactoarquitectos.es\/index.php?rest_route=%2Fwp%2Fv2%2Fmedia&parent=472"}],"curies":[{"name":"wp","href":"https:\/\/api.w.org\/{rel}","templated":true}]}}