{"id":1140,"date":"2018-09-19T09:27:08","date_gmt":"2018-09-19T07:27:08","guid":{"rendered":"http:\/\/artefactoarquitectos.es\/?page_id=1140"},"modified":"2022-02-03T15:39:30","modified_gmt":"2022-02-03T14:39:30","slug":"cohousing-la-manzana-de-mar-de-cristal-murcia","status":"publish","type":"page","link":"http:\/\/artefactoarquitectos.es\/?page_id=1140","title":{"rendered":"Cohousing senior La Manzana de Mar de Cristal. Murcia"},"content":{"rendered":"<p><a href=\"http:\/\/artefactoarquitectos.es\/wp-content\/uploads\/2014\/12\/logo-manzana-roaj.jpg\"><img loading=\"lazy\" class=\"aligncenter size-thumbnail wp-image-1044\" src=\"http:\/\/artefactoarquitectos.es\/wp-content\/uploads\/2014\/12\/logo-manzana-roaj-150x150.jpg\" alt=\"\" width=\"150\" height=\"150\" srcset=\"http:\/\/artefactoarquitectos.es\/wp-content\/uploads\/2014\/12\/logo-manzana-roaj-150x150.jpg 150w, http:\/\/artefactoarquitectos.es\/wp-content\/uploads\/2014\/12\/logo-manzana-roaj-144x144.jpg 144w\" sizes=\"(max-width: 150px) 100vw, 150px\" \/><\/a><\/p>\n<p>&nbsp;<\/p>\n<p><span style=\"color: #808080;\">La Manzana de Mar de Cristal.&nbsp; Cartagena. Murcia 2017<\/span><\/p>\n<p style=\"text-align: left;\"><span style=\"color: #808080;\">Cohousing&nbsp; senior<\/span><\/p>\n<ul>\n<li><span style=\"color: #808080;\">Formada por viviendas &nbsp;con importantes servicios comunes decididos por los usuarios<\/span><\/li>\n<li><span style=\"color: #808080;\">una forma de vida colaborativa y cohesionada por su forma de entender la relaci\u00f3n entre vida p\u00fablica&nbsp;&nbsp;y&nbsp;privada<\/span><\/li>\n<\/ul>\n<p><span style=\"color: #808080;\">PROPUESTAS PARA LA PARCELA 9<\/span><\/p>\n<p><span style=\"color: #808080;\">PROPUESTA 1<\/span><\/p>\n<p><span style=\"color: #808080;\">Organizaci\u00f3n general, planta baja, viviendas-patio con p\u00e9rgola y zona de huerto-jard\u00edn, calle-sendero central que conduce a la plaza con los servicios comunes<\/span><\/p>\n<p><a href=\"http:\/\/artefactoarquitectos.es\/wp-content\/uploads\/2018\/10\/organizaci\u00f3n-general-pl-baja.jpg\"><img loading=\"lazy\" class=\"aligncenter size-large wp-image-1207\" src=\"http:\/\/artefactoarquitectos.es\/wp-content\/uploads\/2018\/10\/organizaci\u00f3n-general-pl-baja-1024x724.jpg\" alt=\"\" width=\"474\" height=\"335\" srcset=\"http:\/\/artefactoarquitectos.es\/wp-content\/uploads\/2018\/10\/organizaci\u00f3n-general-pl-baja-1024x724.jpg 1024w, http:\/\/artefactoarquitectos.es\/wp-content\/uploads\/2018\/10\/organizaci\u00f3n-general-pl-baja-300x212.jpg 300w, http:\/\/artefactoarquitectos.es\/wp-content\/uploads\/2018\/10\/organizaci\u00f3n-general-pl-baja-768x543.jpg 768w, http:\/\/artefactoarquitectos.es\/wp-content\/uploads\/2018\/10\/organizaci\u00f3n-general-pl-baja.jpg 1655w\" sizes=\"(max-width: 474px) 100vw, 474px\" \/><\/a><\/p>\n<p><span style=\"color: #808080;\">Organizaci\u00f3n general planta primera, acceso por rampa o escaleras, viviendas de menor superficie con patio y habitaciones de invitados<\/span><\/p>\n<p><a href=\"http:\/\/artefactoarquitectos.es\/wp-content\/uploads\/2018\/10\/organizaci\u00f3n-general-pl-1\u00aa.jpg\"><img loading=\"lazy\" class=\"aligncenter size-large wp-image-1208\" src=\"http:\/\/artefactoarquitectos.es\/wp-content\/uploads\/2018\/10\/organizaci\u00f3n-general-pl-1\u00aa-1024x716.jpg\" alt=\"\" width=\"474\" height=\"331\" srcset=\"http:\/\/artefactoarquitectos.es\/wp-content\/uploads\/2018\/10\/organizaci\u00f3n-general-pl-1\u00aa-1024x716.jpg 1024w, http:\/\/artefactoarquitectos.es\/wp-content\/uploads\/2018\/10\/organizaci\u00f3n-general-pl-1\u00aa-300x210.jpg 300w, http:\/\/artefactoarquitectos.es\/wp-content\/uploads\/2018\/10\/organizaci\u00f3n-general-pl-1\u00aa-768x537.jpg 768w, http:\/\/artefactoarquitectos.es\/wp-content\/uploads\/2018\/10\/organizaci\u00f3n-general-pl-1\u00aa.jpg 1182w\" sizes=\"(max-width: 474px) 100vw, 474px\" \/><\/a><\/p>\n<p><span style=\"color: #808080;\">Tipo 1 de viviendas y habitaci\u00f3n de invitados situadas en planta primera&nbsp;<\/span><\/p>\n<p><a href=\"http:\/\/artefactoarquitectos.es\/wp-content\/uploads\/2018\/10\/casa-tipo-1-y-habitac-inv.jpg\"><img loading=\"lazy\" class=\"aligncenter size-full wp-image-1210\" src=\"http:\/\/artefactoarquitectos.es\/wp-content\/uploads\/2018\/10\/casa-tipo-1-y-habitac-inv.jpg\" alt=\"\" width=\"711\" height=\"1006\" srcset=\"http:\/\/artefactoarquitectos.es\/wp-content\/uploads\/2018\/10\/casa-tipo-1-y-habitac-inv.jpg 711w, http:\/\/artefactoarquitectos.es\/wp-content\/uploads\/2018\/10\/casa-tipo-1-y-habitac-inv-212x300.jpg 212w\" sizes=\"(max-width: 711px) 100vw, 711px\" \/><\/a><\/p>\n<p><span style=\"color: #808080;\">Tipo 2 de viviendas en planta baja<\/span><\/p>\n<p><a href=\"http:\/\/artefactoarquitectos.es\/wp-content\/uploads\/2018\/10\/casa-tipo-2.jpg\"><img loading=\"lazy\" class=\"aligncenter size-full wp-image-1209\" src=\"http:\/\/artefactoarquitectos.es\/wp-content\/uploads\/2018\/10\/casa-tipo-2.jpg\" alt=\"\" width=\"711\" height=\"1006\" srcset=\"http:\/\/artefactoarquitectos.es\/wp-content\/uploads\/2018\/10\/casa-tipo-2.jpg 711w, http:\/\/artefactoarquitectos.es\/wp-content\/uploads\/2018\/10\/casa-tipo-2-212x300.jpg 212w\" sizes=\"(max-width: 711px) 100vw, 711px\" \/><\/a><\/p>\n<p><span style=\"color: #808080;\">Vistas de la zona de la plaza (estancia, vegetaci\u00f3n , sombras, zona de relaci\u00f3n&#8230;),&nbsp; espacios comunes y viviendas planta 1<\/span><\/p>\n<p><a href=\"http:\/\/artefactoarquitectos.es\/wp-content\/uploads\/2018\/10\/vista-2-plaza.jpg\"><img loading=\"lazy\" class=\"aligncenter size-large wp-image-1212\" src=\"http:\/\/artefactoarquitectos.es\/wp-content\/uploads\/2018\/10\/vista-2-plaza-1024x724.jpg\" alt=\"\" width=\"474\" height=\"335\" srcset=\"http:\/\/artefactoarquitectos.es\/wp-content\/uploads\/2018\/10\/vista-2-plaza-1024x724.jpg 1024w, http:\/\/artefactoarquitectos.es\/wp-content\/uploads\/2018\/10\/vista-2-plaza-300x212.jpg 300w, http:\/\/artefactoarquitectos.es\/wp-content\/uploads\/2018\/10\/vista-2-plaza-768x543.jpg 768w\" sizes=\"(max-width: 474px) 100vw, 474px\" \/><\/a><\/p>\n<p>Vista 2 de plaza, espacios comunes y viviendas de pl 1<\/p>\n<p><a href=\"http:\/\/artefactoarquitectos.es\/wp-content\/uploads\/2018\/10\/vista-1partes-comunes.jpg\"><img loading=\"lazy\" class=\"aligncenter size-large wp-image-1211\" src=\"http:\/\/artefactoarquitectos.es\/wp-content\/uploads\/2018\/10\/vista-1partes-comunes-1024x724.jpg\" alt=\"\" width=\"474\" height=\"335\" srcset=\"http:\/\/artefactoarquitectos.es\/wp-content\/uploads\/2018\/10\/vista-1partes-comunes-1024x724.jpg 1024w, http:\/\/artefactoarquitectos.es\/wp-content\/uploads\/2018\/10\/vista-1partes-comunes-300x212.jpg 300w, http:\/\/artefactoarquitectos.es\/wp-content\/uploads\/2018\/10\/vista-1partes-comunes-768x543.jpg 768w\" sizes=\"(max-width: 474px) 100vw, 474px\" \/><\/a><\/p>\n<p><span style=\"color: #808080;\">Vista de la calle central, entre huertos y jardines, vehetaci\u00f3n mediterr\u00e1nea que comunica con la plaza<\/span><\/p>\n<p><a href=\"http:\/\/artefactoarquitectos.es\/wp-content\/uploads\/2018\/10\/vista-4-casa-huerto-y-plaza.jpg\"><img loading=\"lazy\" class=\"aligncenter size-large wp-image-1213\" src=\"http:\/\/artefactoarquitectos.es\/wp-content\/uploads\/2018\/10\/vista-4-casa-huerto-y-plaza-1024x724.jpg\" alt=\"\" width=\"474\" height=\"335\" srcset=\"http:\/\/artefactoarquitectos.es\/wp-content\/uploads\/2018\/10\/vista-4-casa-huerto-y-plaza-1024x724.jpg 1024w, http:\/\/artefactoarquitectos.es\/wp-content\/uploads\/2018\/10\/vista-4-casa-huerto-y-plaza-300x212.jpg 300w, http:\/\/artefactoarquitectos.es\/wp-content\/uploads\/2018\/10\/vista-4-casa-huerto-y-plaza-768x543.jpg 768w\" sizes=\"(max-width: 474px) 100vw, 474px\" \/><\/a><\/p>\n<p><span style=\"color: #808080;\">PROPUESTA 2<\/span><\/p>\n<p><span style=\"color: #808080;\">En esta propuesta se sit\u00faan todas las zonas de huerto-jard\u00edn en la parte central, el patio de la vivienda se desplaza hasta la fachada y se entra a la vivienda a trav\u00e9s del patio que se hace un poco mayor. Hay otra novedad , las viviendas tienen solarium en cubierta conectado por escalera desde el exterior de la vivienda, en algunos casos, a demanda y seg\u00fan disponibilidad de superficie construida, se podr\u00eda construir un dormitorio con ba\u00f1o (visitas, hijo viviendo con padre&#8230;.)<\/span><\/p>\n<p><span style=\"color: #808080;\">Planta baja organizaci\u00f3n general<\/span><\/p>\n<p><a href=\"http:\/\/artefactoarquitectos.es\/wp-content\/uploads\/2018\/10\/pbaja-gral.jpg\"><img loading=\"lazy\" class=\"aligncenter size-large wp-image-1219\" src=\"http:\/\/artefactoarquitectos.es\/wp-content\/uploads\/2018\/10\/pbaja-gral-1024x722.jpg\" alt=\"\" width=\"474\" height=\"334\" srcset=\"http:\/\/artefactoarquitectos.es\/wp-content\/uploads\/2018\/10\/pbaja-gral-1024x722.jpg 1024w, http:\/\/artefactoarquitectos.es\/wp-content\/uploads\/2018\/10\/pbaja-gral-300x211.jpg 300w, http:\/\/artefactoarquitectos.es\/wp-content\/uploads\/2018\/10\/pbaja-gral-768x541.jpg 768w\" sizes=\"(max-width: 474px) 100vw, 474px\" \/><\/a><\/p>\n<p><span style=\"color: #808080;\">Planta primera, solarium de viviendas , tipo de viviendas de menor superficie en la zona de la plaza<\/span><\/p>\n<p><a href=\"http:\/\/artefactoarquitectos.es\/wp-content\/uploads\/2018\/10\/P-1-gral.jpg\"><img loading=\"lazy\" class=\"aligncenter size-large wp-image-1220\" src=\"http:\/\/artefactoarquitectos.es\/wp-content\/uploads\/2018\/10\/P-1-gral-1024x722.jpg\" alt=\"\" width=\"474\" height=\"334\" srcset=\"http:\/\/artefactoarquitectos.es\/wp-content\/uploads\/2018\/10\/P-1-gral-1024x722.jpg 1024w, http:\/\/artefactoarquitectos.es\/wp-content\/uploads\/2018\/10\/P-1-gral-300x211.jpg 300w, http:\/\/artefactoarquitectos.es\/wp-content\/uploads\/2018\/10\/P-1-gral-768x541.jpg 768w\" sizes=\"(max-width: 474px) 100vw, 474px\" \/><\/a><\/p>\n<p><span style=\"color: #808080;\">En esta propuesta 2 , se ha estudiado la posibilidad de garajes y trasteros para cada vivienda<\/span><\/p>\n<p><a href=\"http:\/\/artefactoarquitectos.es\/wp-content\/uploads\/2018\/10\/P-1-gral-1.jpg\"><img loading=\"lazy\" class=\"aligncenter size-large wp-image-1221\" src=\"http:\/\/artefactoarquitectos.es\/wp-content\/uploads\/2018\/10\/P-1-gral-1-1024x722.jpg\" alt=\"\" width=\"474\" height=\"334\" srcset=\"http:\/\/artefactoarquitectos.es\/wp-content\/uploads\/2018\/10\/P-1-gral-1-1024x722.jpg 1024w, http:\/\/artefactoarquitectos.es\/wp-content\/uploads\/2018\/10\/P-1-gral-1-300x211.jpg 300w, http:\/\/artefactoarquitectos.es\/wp-content\/uploads\/2018\/10\/P-1-gral-1-768x541.jpg 768w\" sizes=\"(max-width: 474px) 100vw, 474px\" \/><\/a><\/p>\n<p>&nbsp;<\/p>\n<p><a href=\"http:\/\/artefactoarquitectos.es\/wp-content\/uploads\/2018\/10\/organizaci\u00f3n-general-pl-baja.jpg\">&nbsp;<\/a><\/p>\n","protected":false},"excerpt":{"rendered":"<p>&nbsp; La Manzana de Mar de Cristal.&nbsp; Cartagena. Murcia 2017 Cohousing&nbsp; senior Formada por viviendas &nbsp;con importantes servicios comunes decididos por los usuarios una forma de vida colaborativa y cohesionada por su forma de entender la relaci\u00f3n entre vida p\u00fablica&nbsp;&nbsp;y&nbsp;privada PROPUESTAS PARA LA PARCELA 9 PROPUESTA 1 Organizaci\u00f3n general, planta baja, viviendas-patio con p\u00e9rgola y &hellip; <a href=\"http:\/\/artefactoarquitectos.es\/?page_id=1140\" class=\"more-link\">Seguir leyendo <span class=\"screen-reader-text\">Cohousing senior La Manzana de Mar de Cristal. Murcia<\/span> <span class=\"meta-nav\">&rarr;<\/span><\/a><\/p>\n","protected":false},"author":1,"featured_media":0,"parent":0,"menu_order":0,"comment_status":"closed","ping_status":"closed","template":"","meta":{"spay_email":""},"jetpack_sharing_enabled":true,"jetpack_shortlink":"https:\/\/wp.me\/P5lvSH-io","_links":{"self":[{"href":"http:\/\/artefactoarquitectos.es\/index.php?rest_route=\/wp\/v2\/pages\/1140"}],"collection":[{"href":"http:\/\/artefactoarquitectos.es\/index.php?rest_route=\/wp\/v2\/pages"}],"about":[{"href":"http:\/\/artefactoarquitectos.es\/index.php?rest_route=\/wp\/v2\/types\/page"}],"author":[{"embeddable":true,"href":"http:\/\/artefactoarquitectos.es\/index.php?rest_route=\/wp\/v2\/users\/1"}],"replies":[{"embeddable":true,"href":"http:\/\/artefactoarquitectos.es\/index.php?rest_route=%2Fwp%2Fv2%2Fcomments&post=1140"}],"version-history":[{"count":12,"href":"http:\/\/artefactoarquitectos.es\/index.php?rest_route=\/wp\/v2\/pages\/1140\/revisions"}],"predecessor-version":[{"id":1323,"href":"http:\/\/artefactoarquitectos.es\/index.php?rest_route=\/wp\/v2\/pages\/1140\/revisions\/1323"}],"wp:attachment":[{"href":"http:\/\/artefactoarquitectos.es\/index.php?rest_route=%2Fwp%2Fv2%2Fmedia&parent=1140"}],"curies":[{"name":"wp","href":"https:\/\/api.w.org\/{rel}","templated":true}]}}