{"id":1132,"date":"2017-12-01T19:08:09","date_gmt":"2017-12-01T18:08:09","guid":{"rendered":"http:\/\/artefactoarquitectos.es\/?page_id=1132"},"modified":"2017-12-01T19:19:33","modified_gmt":"2017-12-01T18:19:33","slug":"contacto-2","status":"publish","type":"page","link":"http:\/\/artefactoarquitectos.es\/?page_id=1132","title":{"rendered":"Direcci\u00f3n y tel\u00e9fonos"},"content":{"rendered":"<p>Pedro Mart\u00edn<\/p>\n<p>Tel\u00e9fonos. 915994561 y 609266776<\/p>\n<p>pm@artefactoarquitectos.es<\/p>\n<p>Calle Lope de Rueda 27, bajo exterior izquierda<\/p>\n<p>28009 Madrid<\/p>\n","protected":false},"excerpt":{"rendered":"<p>Pedro Mart\u00edn Tel\u00e9fonos. 915994561 y 609266776 pm@artefactoarquitectos.es Calle Lope de Rueda 27, bajo exterior izquierda 28009 Madrid<\/p>\n","protected":false},"author":1,"featured_media":0,"parent":0,"menu_order":0,"comment_status":"closed","ping_status":"closed","template":"","meta":{"spay_email":""},"jetpack_sharing_enabled":true,"jetpack_shortlink":"https:\/\/wp.me\/P5lvSH-ig","_links":{"self":[{"href":"http:\/\/artefactoarquitectos.es\/index.php?rest_route=\/wp\/v2\/pages\/1132"}],"collection":[{"href":"http:\/\/artefactoarquitectos.es\/index.php?rest_route=\/wp\/v2\/pages"}],"about":[{"href":"http:\/\/artefactoarquitectos.es\/index.php?rest_route=\/wp\/v2\/types\/page"}],"author":[{"embeddable":true,"href":"http:\/\/artefactoarquitectos.es\/index.php?rest_route=\/wp\/v2\/users\/1"}],"replies":[{"embeddable":true,"href":"http:\/\/artefactoarquitectos.es\/index.php?rest_route=%2Fwp%2Fv2%2Fcomments&post=1132"}],"version-history":[{"count":3,"href":"http:\/\/artefactoarquitectos.es\/index.php?rest_route=\/wp\/v2\/pages\/1132\/revisions"}],"predecessor-version":[{"id":1136,"href":"http:\/\/artefactoarquitectos.es\/index.php?rest_route=\/wp\/v2\/pages\/1132\/revisions\/1136"}],"wp:attachment":[{"href":"http:\/\/artefactoarquitectos.es\/index.php?rest_route=%2Fwp%2Fv2%2Fmedia&parent=1132"}],"curies":[{"name":"wp","href":"https:\/\/api.w.org\/{rel}","templated":true}]}}